{"id":461,"date":"2022-02-16T22:18:02","date_gmt":"2022-02-16T22:18:02","guid":{"rendered":"https:\/\/amusevity.com\/general-terms-and-conditions\/"},"modified":"2022-02-16T22:36:46","modified_gmt":"2022-02-16T22:36:46","slug":"general-terms-and-conditions","status":"publish","type":"page","link":"https:\/\/amusevity.com\/en\/general-terms-and-conditions\/","title":{"rendered":"General Terms and Conditions"},"content":{"rendered":"","protected":false},"excerpt":{"rendered":"","protected":false},"author":1,"featured_media":0,"parent":0,"menu_order":0,"comment_status":"closed","ping_status":"closed","template":"terms-page_en.php","meta":{"inline_featured_image":false},"acf":[],"yoast_head":"<!-- This site is optimized with the Yoast SEO plugin v19.6.1 - https:\/\/yoast.com\/wordpress\/plugins\/seo\/ -->\n<title>General Terms and Conditions - aMusevity<\/title>\n<meta name=\"robots\" content=\"index, follow, max-snippet:-1, max-image-preview:large, max-video-preview:-1\" \/>\n<link rel=\"canonical\" href=\"https:\/\/amusevity.com\/en\/general-terms-and-conditions\/\" \/>\n<meta property=\"og:locale\" content=\"en_US\" \/>\n<meta property=\"og:type\" content=\"article\" \/>\n<meta property=\"og:title\" content=\"General Terms and Conditions - aMusevity\" \/>\n<meta property=\"og:url\" content=\"https:\/\/amusevity.com\/en\/general-terms-and-conditions\/\" \/>\n<meta property=\"og:site_name\" content=\"aMusevity\" \/>\n<meta property=\"article:publisher\" content=\"https:\/\/www.facebook.com\/amusevitysk\" \/>\n<meta property=\"article:modified_time\" content=\"2022-02-16T22:36:46+00:00\" \/>\n<meta property=\"og:image\" content=\"https:\/\/amusevity.com\/wp-content\/uploads\/2022\/02\/img-fb-share.png\" \/>\n\t<meta property=\"og:image:width\" content=\"3060\" \/>\n\t<meta property=\"og:image:height\" content=\"1720\" \/>\n\t<meta property=\"og:image:type\" content=\"image\/png\" \/>\n<meta name=\"twitter:card\" content=\"summary_large_image\" \/>\n<script type=\"application\/ld+json\" class=\"yoast-schema-graph\">{\"@context\":\"https:\/\/schema.org\",\"@graph\":[{\"@type\":\"WebPage\",\"@id\":\"https:\/\/amusevity.com\/en\/general-terms-and-conditions\/\",\"url\":\"https:\/\/amusevity.com\/en\/general-terms-and-conditions\/\",\"name\":\"General Terms and Conditions - aMusevity\",\"isPartOf\":{\"@id\":\"https:\/\/amusevity.com\/#website\"},\"datePublished\":\"2022-02-16T22:18:02+00:00\",\"dateModified\":\"2022-02-16T22:36:46+00:00\",\"breadcrumb\":{\"@id\":\"https:\/\/amusevity.com\/en\/general-terms-and-conditions\/#breadcrumb\"},\"inLanguage\":\"en-US\",\"potentialAction\":[{\"@type\":\"ReadAction\",\"target\":[\"https:\/\/amusevity.com\/en\/general-terms-and-conditions\/\"]}]},{\"@type\":\"BreadcrumbList\",\"@id\":\"https:\/\/amusevity.com\/en\/general-terms-and-conditions\/#breadcrumb\",\"itemListElement\":[{\"@type\":\"ListItem\",\"position\":1,\"name\":\"Home\",\"item\":\"https:\/\/amusevity.com\/en\/\"},{\"@type\":\"ListItem\",\"position\":2,\"name\":\"General Terms and Conditions\"}]},{\"@type\":\"WebSite\",\"@id\":\"https:\/\/amusevity.com\/#website\",\"url\":\"https:\/\/amusevity.com\/\",\"name\":\"aMusevity\",\"description\":\"\u00da\u010dtovn\u00edctvo pod palcom\",\"potentialAction\":[{\"@type\":\"SearchAction\",\"target\":{\"@type\":\"EntryPoint\",\"urlTemplate\":\"https:\/\/amusevity.com\/?s={search_term_string}\"},\"query-input\":\"required name=search_term_string\"}],\"inLanguage\":\"en-US\"}]}<\/script>\n<!-- \/ Yoast SEO plugin. -->","yoast_head_json":{"title":"General Terms and Conditions - aMusevity","robots":{"index":"index","follow":"follow","max-snippet":"max-snippet:-1","max-image-preview":"max-image-preview:large","max-video-preview":"max-video-preview:-1"},"canonical":"https:\/\/amusevity.com\/en\/general-terms-and-conditions\/","og_locale":"en_US","og_type":"article","og_title":"General Terms and Conditions - aMusevity","og_url":"https:\/\/amusevity.com\/en\/general-terms-and-conditions\/","og_site_name":"aMusevity","article_publisher":"https:\/\/www.facebook.com\/amusevitysk","article_modified_time":"2022-02-16T22:36:46+00:00","og_image":[{"width":3060,"height":1720,"url":"https:\/\/amusevity.com\/wp-content\/uploads\/2022\/02\/img-fb-share.png","type":"image\/png"}],"twitter_card":"summary_large_image","schema":{"@context":"https:\/\/schema.org","@graph":[{"@type":"WebPage","@id":"https:\/\/amusevity.com\/en\/general-terms-and-conditions\/","url":"https:\/\/amusevity.com\/en\/general-terms-and-conditions\/","name":"General Terms and Conditions - aMusevity","isPartOf":{"@id":"https:\/\/amusevity.com\/#website"},"datePublished":"2022-02-16T22:18:02+00:00","dateModified":"2022-02-16T22:36:46+00:00","breadcrumb":{"@id":"https:\/\/amusevity.com\/en\/general-terms-and-conditions\/#breadcrumb"},"inLanguage":"en-US","potentialAction":[{"@type":"ReadAction","target":["https:\/\/amusevity.com\/en\/general-terms-and-conditions\/"]}]},{"@type":"BreadcrumbList","@id":"https:\/\/amusevity.com\/en\/general-terms-and-conditions\/#breadcrumb","itemListElement":[{"@type":"ListItem","position":1,"name":"Home","item":"https:\/\/amusevity.com\/en\/"},{"@type":"ListItem","position":2,"name":"General Terms and Conditions"}]},{"@type":"WebSite","@id":"https:\/\/amusevity.com\/#website","url":"https:\/\/amusevity.com\/","name":"aMusevity","description":"\u00da\u010dtovn\u00edctvo pod palcom","potentialAction":[{"@type":"SearchAction","target":{"@type":"EntryPoint","urlTemplate":"https:\/\/amusevity.com\/?s={search_term_string}"},"query-input":"required name=search_term_string"}],"inLanguage":"en-US"}]}},"_links":{"self":[{"href":"https:\/\/amusevity.com\/en\/wp-json\/wp\/v2\/pages\/461"}],"collection":[{"href":"https:\/\/amusevity.com\/en\/wp-json\/wp\/v2\/pages"}],"about":[{"href":"https:\/\/amusevity.com\/en\/wp-json\/wp\/v2\/types\/page"}],"author":[{"embeddable":true,"href":"https:\/\/amusevity.com\/en\/wp-json\/wp\/v2\/users\/1"}],"replies":[{"embeddable":true,"href":"https:\/\/amusevity.com\/en\/wp-json\/wp\/v2\/comments?post=461"}],"version-history":[{"count":1,"href":"https:\/\/amusevity.com\/en\/wp-json\/wp\/v2\/pages\/461\/revisions"}],"predecessor-version":[{"id":467,"href":"https:\/\/amusevity.com\/en\/wp-json\/wp\/v2\/pages\/461\/revisions\/467"}],"wp:attachment":[{"href":"https:\/\/amusevity.com\/en\/wp-json\/wp\/v2\/media?parent=461"}],"curies":[{"name":"wp","href":"https:\/\/api.w.org\/{rel}","templated":true}]}}